{"id":62,"date":"2021-10-25T13:59:38","date_gmt":"2021-10-25T13:59:38","guid":{"rendered":"https:\/\/kaerutpd.com\/?page_id=62"},"modified":"2025-09-21T14:15:30","modified_gmt":"2025-09-21T14:15:30","slug":"accueil","status":"publish","type":"page","link":"https:\/\/kaerutpd.com\/","title":{"rendered":"KAERU Theme Park Design"},"content":{"rendered":"<p>[et_pb_section fb_built=\u00a0\u00bb1&Prime; _builder_version=\u00a0\u00bb4.16&Prime; animation_style=\u00a0\u00bbfade\u00a0\u00bb global_colors_info=\u00a0\u00bb{}\u00a0\u00bb][et_pb_row _builder_version=\u00a0\u00bb4.16&Prime; _module_preset=\u00a0\u00bbdefault\u00a0\u00bb global_colors_info=\u00a0\u00bb{}\u00a0\u00bb][et_pb_column type=\u00a0\u00bb4_4&Prime; _builder_version=\u00a0\u00bb4.16&Prime; _module_preset=\u00a0\u00bbdefault\u00a0\u00bb global_colors_info=\u00a0\u00bb{}\u00a0\u00bb][et_pb_image src=\u00a0\u00bbhttp:\/\/kaerutpd.com\/wp-content\/uploads\/2021\/09\/Logo_site_BIG.jpg\u00a0\u00bb alt=\u00a0\u00bbKaeru Theme Park Design LOGO\u00a0\u00bb title_text=\u00a0\u00bbKaeru-Theme-Park-Design-LOGO\u00a0\u00bb disabled_on=\u00a0\u00bbon|off|off\u00a0\u00bb _builder_version=\u00a0\u00bb4.16&Prime; _module_preset=\u00a0\u00bbdefault\u00a0\u00bb width=\u00a0\u00bb600px\u00a0\u00bb module_alignment=\u00a0\u00bbcenter\u00a0\u00bb custom_margin=\u00a0\u00bb||||false|false\u00a0\u00bb custom_padding=\u00a0\u00bb||||false|false\u00a0\u00bb global_colors_info=\u00a0\u00bb{}\u00a0\u00bb][\/et_pb_image][et_pb_image src=\u00a0\u00bbhttp:\/\/kaerutpd.com\/wp-content\/uploads\/2021\/09\/Logo_site_BIG.jpg\u00a0\u00bb alt=\u00a0\u00bbKaeru Theme Park Design LOGO\u00a0\u00bb title_text=\u00a0\u00bbKaeru-Theme-Park-Design-LOGO\u00a0\u00bb force_fullwidth=\u00a0\u00bbon\u00a0\u00bb disabled_on=\u00a0\u00bboff|on|on\u00a0\u00bb _builder_version=\u00a0\u00bb4.16&Prime; _module_preset=\u00a0\u00bbdefault\u00a0\u00bb module_alignment=\u00a0\u00bbcenter\u00a0\u00bb custom_margin=\u00a0\u00bb||||false|false\u00a0\u00bb custom_padding=\u00a0\u00bb||||false|false\u00a0\u00bb global_colors_info=\u00a0\u00bb{}\u00a0\u00bb][\/et_pb_image][\/et_pb_column][\/et_pb_row][et_pb_row _builder_version=\u00a0\u00bb4.16&Prime; _module_preset=\u00a0\u00bbdefault\u00a0\u00bb global_colors_info=\u00a0\u00bb{}\u00a0\u00bb][et_pb_column type=\u00a0\u00bb4_4&Prime; _builder_version=\u00a0\u00bb4.16&Prime; _module_preset=\u00a0\u00bbdefault\u00a0\u00bb global_colors_info=\u00a0\u00bb{}\u00a0\u00bb][et_pb_testimonial quote_icon_color=\u00a0\u00bbRGBA(0,0,0,0)\u00a0\u00bb quote_icon_background_color=\u00a0\u00bbRGBA(0,0,0,0)\u00a0\u00bb _builder_version=\u00a0\u00bb4.16&Prime; _module_preset=\u00a0\u00bbdefault\u00a0\u00bb global_colors_info=\u00a0\u00bb{}\u00a0\u00bb]<\/p>\n<h1 style=\"text-align: center;\"><strong>Bienvenue !<\/strong><span style=\"font-weight: 400;\"><\/span><\/h1>\n<p><strong><\/strong><\/p>\n<p><strong>KAERU Theme Park Design<\/strong> est une soci\u00e9t\u00e9 sp\u00e9cialis\u00e9e dans le <strong>design et la conception de parcs \u00e0 th\u00e8me<\/strong>.<\/p>\n<p>Notre mission est de cr\u00e9er des environnements th\u00e9matiques immersifs, sc\u00e9naris\u00e9s et spectaculaires pour faire vivre au public des exp\u00e9riences uniques et inoubliables.<\/p>\n<p><span>Nous intervenons principalement pour les parcs de loisirs (attractions, restaurants, boutiques&#8230;), mus\u00e9es et loisirs indoor, h\u00e9bergements th\u00e9matiques&#8230;<\/span><\/p>\n<p><strong>Services propos\u00e9s:<\/strong><\/p>\n<ul>\n<li style=\"font-weight: 400;\" aria-level=\"1\"><span style=\"font-weight: 400;\"><strong>\u00c9tudes pr\u00e9liminaires<\/strong> (premi\u00e8res esquisses 2D \/ 3D, recherches graphiques, storytelling, concept-arts\u2026).<\/span><\/li>\n<li style=\"font-weight: 400;\" aria-level=\"1\"><span style=\"font-weight: 400;\"><strong>Conception d\u00e9taill\u00e9e du design-book<\/strong> en \u00e9troite collaboration avec les diff\u00e9rents intervenants (chefs de projet, architectes, paysagiste, light designers&#8230;).<\/span><\/li>\n<li style=\"font-weight: 400;\" aria-level=\"1\"><span style=\"font-weight: 400;\"><strong>Accompagnement et direction artistique:<\/strong> KAERU s\u2019assure du respect du concept artistique tout au long de la phase de construction jusqu\u2019\u00e0 la livraison.<\/span><\/li>\n<\/ul>\n<p>[\/et_pb_testimonial][et_pb_text _builder_version=\u00a0\u00bb4.27.4&Prime; _module_preset=\u00a0\u00bbdefault\u00a0\u00bb global_colors_info=\u00a0\u00bb{}\u00a0\u00bb]<\/p>\n<h2 style=\"text-align: center;\"><span style=\"color: #ff0000;\"><em><strong>Mise \u00e0 jour du site en cours avec de nouveaux projets !<\/strong><\/em><\/span><\/h2>\n<p>[\/et_pb_text][\/et_pb_column][\/et_pb_row][\/et_pb_section][et_pb_section fb_built=\u00a0\u00bb1&Prime; fullwidth=\u00a0\u00bbon\u00a0\u00bb _builder_version=\u00a0\u00bb4.16&Prime; _module_preset=\u00a0\u00bbdefault\u00a0\u00bb module_alignment=\u00a0\u00bbcenter\u00a0\u00bb global_colors_info=\u00a0\u00bb{}\u00a0\u00bb][et_pb_fullwidth_portfolio fullwidth=\u00a0\u00bboff\u00a0\u00bb include_categories=\u00a0\u00bb4&Prime; show_date=\u00a0\u00bboff\u00a0\u00bb zoom_icon_color=\u00a0\u00bbRGBA(0,0,0,0)\u00a0\u00bb _builder_version=\u00a0\u00bb4.16&Prime; _module_preset=\u00a0\u00bbdefault\u00a0\u00bb module_alignment=\u00a0\u00bbcenter\u00a0\u00bb custom_margin=\u00a0\u00bb||||false|false\u00a0\u00bb global_colors_info=\u00a0\u00bb{}\u00a0\u00bb][\/et_pb_fullwidth_portfolio][\/et_pb_section][et_pb_section fb_built=\u00a0\u00bb1&Prime; _builder_version=\u00a0\u00bb4.16&Prime; _module_preset=\u00a0\u00bbdefault\u00a0\u00bb global_colors_info=\u00a0\u00bb{}\u00a0\u00bb][et_pb_row _builder_version=\u00a0\u00bb4.16&Prime; _module_preset=\u00a0\u00bbdefault\u00a0\u00bb global_colors_info=\u00a0\u00bb{}\u00a0\u00bb][et_pb_column type=\u00a0\u00bb4_4&Prime; _builder_version=\u00a0\u00bb4.16&Prime; _module_preset=\u00a0\u00bbdefault\u00a0\u00bb global_colors_info=\u00a0\u00bb{}\u00a0\u00bb][et_pb_testimonial quote_icon_color=\u00a0\u00bbRGBA(0,0,0,0)\u00a0\u00bb quote_icon_background_color=\u00a0\u00bbRGBA(0,0,0,0)\u00a0\u00bb _builder_version=\u00a0\u00bb4.16&Prime; _module_preset=\u00a0\u00bbdefault\u00a0\u00bb global_colors_info=\u00a0\u00bb{}\u00a0\u00bb]<\/p>\n<h3 style=\"text-align: center;\"><strong>Ils nous ont fait confiance:<\/strong><\/h3>\n<p style=\"text-align: left;\"><strong><\/strong><\/p>\n<p style=\"text-align: left;\"><strong>Compagnie des Alpes, Parc Ast\u00e9rix, Walibi Belgium, Walibi Rh\u00f4ne-Alpes, Parc Spirou, Gr\u00e9vin, Fraispertuis City, K2 Japon (Boucheron, Gucci), LVMH, Vulcania, Alterface, Walt Disney Imagineering Paris, Bellewaerde, Inca Architectes, Advancy, Win-win, Backlight Studio &#8230;<\/strong><\/p>\n<p>[\/et_pb_testimonial][\/et_pb_column][\/et_pb_row][\/et_pb_section]<\/p>\n","protected":false},"excerpt":{"rendered":"<p>Bienvenue ! KAERU Theme Park Design est une soci\u00e9t\u00e9 sp\u00e9cialis\u00e9e dans le design et la conception de parcs \u00e0 th\u00e8me. Notre mission est de cr\u00e9er des environnements th\u00e9matiques immersifs, sc\u00e9naris\u00e9s et spectaculaires pour faire vivre au public des exp\u00e9riences uniques et inoubliables. Nous intervenons principalement pour les parcs de loisirs (attractions, restaurants, boutiques&#8230;), mus\u00e9es et [&hellip;]<\/p>\n","protected":false},"author":1,"featured_media":0,"parent":0,"menu_order":0,"comment_status":"closed","ping_status":"closed","template":"","meta":{"_et_pb_use_builder":"on","_et_pb_old_content":"","_et_gb_content_width":"","footnotes":""},"class_list":["post-62","page","type-page","status-publish","hentry"],"aioseo_notices":[],"_links":{"self":[{"href":"https:\/\/kaerutpd.com\/index.php\/wp-json\/wp\/v2\/pages\/62","targetHints":{"allow":["GET"]}}],"collection":[{"href":"https:\/\/kaerutpd.com\/index.php\/wp-json\/wp\/v2\/pages"}],"about":[{"href":"https:\/\/kaerutpd.com\/index.php\/wp-json\/wp\/v2\/types\/page"}],"author":[{"embeddable":true,"href":"https:\/\/kaerutpd.com\/index.php\/wp-json\/wp\/v2\/users\/1"}],"replies":[{"embeddable":true,"href":"https:\/\/kaerutpd.com\/index.php\/wp-json\/wp\/v2\/comments?post=62"}],"version-history":[{"count":40,"href":"https:\/\/kaerutpd.com\/index.php\/wp-json\/wp\/v2\/pages\/62\/revisions"}],"predecessor-version":[{"id":781,"href":"https:\/\/kaerutpd.com\/index.php\/wp-json\/wp\/v2\/pages\/62\/revisions\/781"}],"wp:attachment":[{"href":"https:\/\/kaerutpd.com\/index.php\/wp-json\/wp\/v2\/media?parent=62"}],"curies":[{"name":"wp","href":"https:\/\/api.w.org\/{rel}","templated":true}]}}